{"id":3682,"date":"2023-12-30T19:13:42","date_gmt":"2023-12-30T23:13:42","guid":{"rendered":"https:\/\/mulalillo.gob.ec\/cotopaxi\/?page_id=3682"},"modified":"2025-08-19T15:25:56","modified_gmt":"2025-08-19T19:25:56","slug":"rendicion-de-cuentas-2024","status":"publish","type":"page","link":"https:\/\/mulalillo.gob.ec\/cotopaxi\/rendicion-de-cuentas-2024\/","title":{"rendered":"Rendici\u00f3n de Cuentas 2024"},"content":{"rendered":"<p><a href=\"https:\/\/mulalillo.gob.ec\/cotopaxi\/rendicion-de-cuentas-2024\/gobierno-autonomo-descentralizado-parroquial-de-mulalillo-informe-anual-2024\/\" rel=\"attachment wp-att-4249\">Gobierno Aut\u00f3nomo Descentralizado Parroquial De Mulalillo &#8211; Informe Anual 2024<\/a><\/p>\n<p><a href=\"https:\/\/mulalillo.gob.ec\/cotopaxi\/rendicion-de-cuentas-2024\/poa-2025-signed-signed-signed-signed-signed-2\/\" rel=\"attachment wp-att-4243\">POA-2025-signed-signed-signed-signed-signed<\/a><\/p>\n<p><a href=\"https:\/\/mulalillo.gob.ec\/cotopaxi\/rendicion-de-cuentas-2024\/pac_sin_esigef-2\/\" rel=\"attachment wp-att-4245\">pac_sin_esigef<\/a><\/p>\n<p><a href=\"https:\/\/mulalillo.gob.ec\/cotopaxi\/rendicion-de-cuentas-2024\/plan-de-trabajo-vjp-mulalillo-salcedo-2\/\" rel=\"attachment wp-att-4246\">PLAN DE TRABAJO VJP MULALILLO SALCEDO<\/a><\/p>\n<p><a href=\"https:\/\/mulalillo.gob.ec\/cotopaxi\/rendicion-de-cuentas-2024\/transparencia-activa-focalizada-y-colaborativa\/\" rel=\"attachment wp-att-4257\">Transparencia Activa, Focalizada y Colaborativa<\/a><\/p>\n<p><a href=\"https:\/\/mulalillo.gob.ec\/cotopaxi\/rendicion-de-cuentas-2024\/mapeo-actores\/\" rel=\"attachment wp-att-4259\">mapeo actores<\/a><\/p>\n<p><a href=\"https:\/\/mulalillo.gob.ec\/cotopaxi\/rendicion-de-cuentas-2024\/hoja-de-ruta_2025081310211600\/\" rel=\"attachment wp-att-4258\">Hoja de Ruta_2025081310211600<\/a><\/p>\n<p><a href=\"https:\/\/mulalillo.gob.ec\/cotopaxi\/rendicion-de-cuentas-2024\/convocatoria-inicio-de-proceso\/\" rel=\"attachment wp-att-4260\">Convocatoria Inicio de Proceso<\/a><\/p>\n<p><a href=\"https:\/\/mulalillo.gob.ec\/cotopaxi\/rendicion-de-cuentas-2024\/convocatoria-consulta-ciudadana\/\" rel=\"attachment wp-att-4261\">Convocatoria Consulta Ciudadana<\/a><\/p>\n<p><a href=\"https:\/\/mulalillo.gob.ec\/cotopaxi\/rendicion-de-cuentas-2024\/entrega-de-documentos_2025081310251900\/\" rel=\"attachment wp-att-4262\">Entrega de Documentos_2025081310251900<\/a><\/p>\n<p><a href=\"https:\/\/mulalillo.gob.ec\/cotopaxi\/rendicion-de-cuentas-2024\/oficio-entrega-del-documento-del-consulta-ciudadan\/\" rel=\"attachment wp-att-4263\">Oficio entrega del documento del Consulta Ciudadana<\/a><\/p>\n<p><a href=\"https:\/\/mulalillo.gob.ec\/cotopaxi\/rendicion-de-cuentas-2024\/consulta-ciudadana_2025081310191300\/\" rel=\"attachment wp-att-4264\">Consulta Ciudadana_2025081310191300<\/a><\/p>\n<p>&nbsp;<\/p>\n<p><a href=\"https:\/\/mulalillo.gob.ec\/cotopaxi\/rendicion-de-cuentas-2024\/invitacion-rendicion-de-cuentas-periodo-fiscal-2024\/\" rel=\"attachment wp-att-4247\"><img loading=\"lazy\" decoding=\"async\" class=\"alignnone size-full wp-image-4247\" src=\"https:\/\/mulalillo.gob.ec\/cotopaxi\/wp-content\/uploads\/2025\/07\/Invitacion-Rendicion-de-Cuentas-periodo-fiscal-2024.jpg\" alt=\"\" width=\"637\" height=\"900\" srcset=\"https:\/\/mulalillo.gob.ec\/cotopaxi\/wp-content\/uploads\/2025\/07\/Invitacion-Rendicion-de-Cuentas-periodo-fiscal-2024.jpg 637w, https:\/\/mulalillo.gob.ec\/cotopaxi\/wp-content\/uploads\/2025\/07\/Invitacion-Rendicion-de-Cuentas-periodo-fiscal-2024-550x777.jpg 550w\" sizes=\"auto, (max-width: 637px) 100vw, 637px\" \/><\/a><\/p>\n<p><strong><em>ORDEN DEL D\u00cdA CON EL CUAL EL GADPR\u00a0 MULALILLO REALIZA LA DELIBERACI\u00d3N PUBLICA RENDICI\u00d3N DE CUENTAS PERIODO FISCAL 2023.<\/em><\/strong><\/p>\n<p>1.-\u00a0 Himno Nacional del Ecuador coreado por todos los asistentes.<\/p>\n<p>2.- Saludo e instalaci\u00f3n de la deliberaci\u00f3n P\u00fablica\u00a0 a cargo de la Lic. Lorena Guaman\u00ed Vicepresidenta del GADPRM.<\/p>\n<p>3.- Intervenci\u00f3n del Lic. Mentor Bocancho representante del Concejo de Planificaci\u00f3n Parroquial.<\/p>\n<p>4.- Presentaci\u00f3n de la\u00a0 Gesti\u00f3n correspondiente al periodo 2024\u00a0 por parte del MSc. Edison Y\u00e1nez presidente del GADPRM.<\/p>\n<p>5.-Informe de la gesti\u00f3n realizada por el Legislativo parroquial correspondiente al periodo fiscal 2024 por parte de la Lic. Lorena Guaman\u00ed.<\/p>\n<p>6.- Recepci\u00f3n de sugerencias por parte de la ciudadan\u00eda.<\/p>\n<p>6.- Clausura por parte del MSc. Edison Y\u00e1nez Presidente del GADPRM.<\/p>\n<p><a href=\"https:\/\/www.facebook.com\/dossou020\/videos\/1561570271481291\">https:\/\/www.facebook.com\/dossou020\/videos\/1561570271481291<\/a><\/p>\n<p>&nbsp;<\/p>\n","protected":false},"excerpt":{"rendered":"<p>Gobierno Aut\u00f3nomo Descentralizado Parroquial De Mulalillo &#8211; Informe Anual 2024 POA-2025-signed-signed-signed-signed-signed pac_sin_esigef PLAN DE TRABAJO VJP MULALILLO SALCEDO Transparencia Activa, Focalizada y Colaborativa mapeo actores Hoja de Ruta_2025081310211600 Convocatoria Inicio de Proceso Convocatoria Consulta Ciudadana Entrega de Documentos_2025081310251900 Oficio entrega del documento del Consulta Ciudadana Consulta Ciudadana_2025081310191300 &nbsp; ORDEN DEL D\u00cdA CON EL CUAL EL [&hellip;]<\/p>\n","protected":false},"author":2,"featured_media":0,"parent":0,"menu_order":0,"comment_status":"closed","ping_status":"closed","template":"","meta":{"footnotes":""},"class_list":["post-3682","page","type-page","status-publish","hentry"],"yoast_head":"<!-- This site is optimized with the Yoast SEO plugin v24.2 - https:\/\/yoast.com\/wordpress\/plugins\/seo\/ -->\n<title>Rendici\u00f3n de Cuentas 2024 - GAD Parroquial de Mulalillo<\/title>\n<meta name=\"robots\" content=\"index, follow, max-snippet:-1, max-image-preview:large, max-video-preview:-1\" \/>\n<link rel=\"canonical\" href=\"https:\/\/mulalillo.gob.ec\/cotopaxi\/rendicion-de-cuentas-2024\/\" \/>\n<meta property=\"og:locale\" content=\"es_ES\" \/>\n<meta property=\"og:type\" content=\"article\" \/>\n<meta property=\"og:title\" content=\"Rendici\u00f3n de Cuentas 2024 - GAD Parroquial de Mulalillo\" \/>\n<meta property=\"og:description\" content=\"Gobierno Aut\u00f3nomo Descentralizado Parroquial De Mulalillo &#8211; Informe Anual 2024 POA-2025-signed-signed-signed-signed-signed pac_sin_esigef PLAN DE TRABAJO VJP MULALILLO SALCEDO Transparencia Activa, Focalizada y Colaborativa mapeo actores Hoja de Ruta_2025081310211600 Convocatoria Inicio de Proceso Convocatoria Consulta Ciudadana Entrega de Documentos_2025081310251900 Oficio entrega del documento del Consulta Ciudadana Consulta Ciudadana_2025081310191300 &nbsp; ORDEN DEL D\u00cdA CON EL CUAL EL [&hellip;]\" \/>\n<meta property=\"og:url\" content=\"https:\/\/mulalillo.gob.ec\/cotopaxi\/rendicion-de-cuentas-2024\/\" \/>\n<meta property=\"og:site_name\" content=\"GAD Parroquial de Mulalillo\" \/>\n<meta property=\"article:modified_time\" content=\"2025-08-19T19:25:56+00:00\" \/>\n<meta property=\"og:image\" content=\"https:\/\/mulalillo.gob.ec\/cotopaxi\/wp-content\/uploads\/2025\/07\/Invitacion-Rendicion-de-Cuentas-periodo-fiscal-2024.jpg\" \/>\n\t<meta property=\"og:image:width\" content=\"637\" \/>\n\t<meta property=\"og:image:height\" content=\"900\" \/>\n\t<meta property=\"og:image:type\" content=\"image\/jpeg\" \/>\n<meta name=\"twitter:card\" content=\"summary_large_image\" \/>\n<meta name=\"twitter:label1\" content=\"Tiempo de lectura\" \/>\n\t<meta name=\"twitter:data1\" content=\"1 minuto\" \/>\n<script type=\"application\/ld+json\" class=\"yoast-schema-graph\">{\"@context\":\"https:\/\/schema.org\",\"@graph\":[{\"@type\":\"WebPage\",\"@id\":\"https:\/\/mulalillo.gob.ec\/cotopaxi\/rendicion-de-cuentas-2024\/\",\"url\":\"https:\/\/mulalillo.gob.ec\/cotopaxi\/rendicion-de-cuentas-2024\/\",\"name\":\"Rendici\u00f3n de Cuentas 2024 - GAD Parroquial de Mulalillo\",\"isPartOf\":{\"@id\":\"https:\/\/mulalillo.gob.ec\/cotopaxi\/#website\"},\"primaryImageOfPage\":{\"@id\":\"https:\/\/mulalillo.gob.ec\/cotopaxi\/rendicion-de-cuentas-2024\/#primaryimage\"},\"image\":{\"@id\":\"https:\/\/mulalillo.gob.ec\/cotopaxi\/rendicion-de-cuentas-2024\/#primaryimage\"},\"thumbnailUrl\":\"https:\/\/mulalillo.gob.ec\/cotopaxi\/wp-content\/uploads\/2025\/07\/Invitacion-Rendicion-de-Cuentas-periodo-fiscal-2024.jpg\",\"datePublished\":\"2023-12-30T23:13:42+00:00\",\"dateModified\":\"2025-08-19T19:25:56+00:00\",\"breadcrumb\":{\"@id\":\"https:\/\/mulalillo.gob.ec\/cotopaxi\/rendicion-de-cuentas-2024\/#breadcrumb\"},\"inLanguage\":\"es\",\"potentialAction\":[{\"@type\":\"ReadAction\",\"target\":[\"https:\/\/mulalillo.gob.ec\/cotopaxi\/rendicion-de-cuentas-2024\/\"]}]},{\"@type\":\"ImageObject\",\"inLanguage\":\"es\",\"@id\":\"https:\/\/mulalillo.gob.ec\/cotopaxi\/rendicion-de-cuentas-2024\/#primaryimage\",\"url\":\"https:\/\/mulalillo.gob.ec\/cotopaxi\/wp-content\/uploads\/2025\/07\/Invitacion-Rendicion-de-Cuentas-periodo-fiscal-2024.jpg\",\"contentUrl\":\"https:\/\/mulalillo.gob.ec\/cotopaxi\/wp-content\/uploads\/2025\/07\/Invitacion-Rendicion-de-Cuentas-periodo-fiscal-2024.jpg\",\"width\":637,\"height\":900},{\"@type\":\"BreadcrumbList\",\"@id\":\"https:\/\/mulalillo.gob.ec\/cotopaxi\/rendicion-de-cuentas-2024\/#breadcrumb\",\"itemListElement\":[{\"@type\":\"ListItem\",\"position\":1,\"name\":\"Home\",\"item\":\"https:\/\/mulalillo.gob.ec\/cotopaxi\/\"},{\"@type\":\"ListItem\",\"position\":2,\"name\":\"Rendici\u00f3n de Cuentas 2024\"}]},{\"@type\":\"WebSite\",\"@id\":\"https:\/\/mulalillo.gob.ec\/cotopaxi\/#website\",\"url\":\"https:\/\/mulalillo.gob.ec\/cotopaxi\/\",\"name\":\"GAD Parroquial de Mulalillo\",\"description\":\"Sitio Oficial del GAD Parroquial de Mulalillo Cotopaxi\",\"publisher\":{\"@id\":\"https:\/\/mulalillo.gob.ec\/cotopaxi\/#organization\"},\"potentialAction\":[{\"@type\":\"SearchAction\",\"target\":{\"@type\":\"EntryPoint\",\"urlTemplate\":\"https:\/\/mulalillo.gob.ec\/cotopaxi\/?s={search_term_string}\"},\"query-input\":{\"@type\":\"PropertyValueSpecification\",\"valueRequired\":true,\"valueName\":\"search_term_string\"}}],\"inLanguage\":\"es\"},{\"@type\":\"Organization\",\"@id\":\"https:\/\/mulalillo.gob.ec\/cotopaxi\/#organization\",\"name\":\"GAD Parroquial de Mulalillo\",\"url\":\"https:\/\/mulalillo.gob.ec\/cotopaxi\/\",\"logo\":{\"@type\":\"ImageObject\",\"inLanguage\":\"es\",\"@id\":\"https:\/\/mulalillo.gob.ec\/cotopaxi\/#\/schema\/logo\/image\/\",\"url\":\"https:\/\/mulalillo.gob.ec\/cotopaxi\/wp-content\/uploads\/2020\/07\/logoFooter.png\",\"contentUrl\":\"https:\/\/mulalillo.gob.ec\/cotopaxi\/wp-content\/uploads\/2020\/07\/logoFooter.png\",\"width\":160,\"height\":156,\"caption\":\"GAD Parroquial de Mulalillo\"},\"image\":{\"@id\":\"https:\/\/mulalillo.gob.ec\/cotopaxi\/#\/schema\/logo\/image\/\"}}]}<\/script>\n<!-- \/ Yoast SEO plugin. -->","yoast_head_json":{"title":"Rendici\u00f3n de Cuentas 2024 - GAD Parroquial de Mulalillo","robots":{"index":"index","follow":"follow","max-snippet":"max-snippet:-1","max-image-preview":"max-image-preview:large","max-video-preview":"max-video-preview:-1"},"canonical":"https:\/\/mulalillo.gob.ec\/cotopaxi\/rendicion-de-cuentas-2024\/","og_locale":"es_ES","og_type":"article","og_title":"Rendici\u00f3n de Cuentas 2024 - GAD Parroquial de Mulalillo","og_description":"Gobierno Aut\u00f3nomo Descentralizado Parroquial De Mulalillo &#8211; Informe Anual 2024 POA-2025-signed-signed-signed-signed-signed pac_sin_esigef PLAN DE TRABAJO VJP MULALILLO SALCEDO Transparencia Activa, Focalizada y Colaborativa mapeo actores Hoja de Ruta_2025081310211600 Convocatoria Inicio de Proceso Convocatoria Consulta Ciudadana Entrega de Documentos_2025081310251900 Oficio entrega del documento del Consulta Ciudadana Consulta Ciudadana_2025081310191300 &nbsp; ORDEN DEL D\u00cdA CON EL CUAL EL [&hellip;]","og_url":"https:\/\/mulalillo.gob.ec\/cotopaxi\/rendicion-de-cuentas-2024\/","og_site_name":"GAD Parroquial de Mulalillo","article_modified_time":"2025-08-19T19:25:56+00:00","og_image":[{"width":637,"height":900,"url":"https:\/\/mulalillo.gob.ec\/cotopaxi\/wp-content\/uploads\/2025\/07\/Invitacion-Rendicion-de-Cuentas-periodo-fiscal-2024.jpg","type":"image\/jpeg"}],"twitter_card":"summary_large_image","twitter_misc":{"Tiempo de lectura":"1 minuto"},"schema":{"@context":"https:\/\/schema.org","@graph":[{"@type":"WebPage","@id":"https:\/\/mulalillo.gob.ec\/cotopaxi\/rendicion-de-cuentas-2024\/","url":"https:\/\/mulalillo.gob.ec\/cotopaxi\/rendicion-de-cuentas-2024\/","name":"Rendici\u00f3n de Cuentas 2024 - GAD Parroquial de Mulalillo","isPartOf":{"@id":"https:\/\/mulalillo.gob.ec\/cotopaxi\/#website"},"primaryImageOfPage":{"@id":"https:\/\/mulalillo.gob.ec\/cotopaxi\/rendicion-de-cuentas-2024\/#primaryimage"},"image":{"@id":"https:\/\/mulalillo.gob.ec\/cotopaxi\/rendicion-de-cuentas-2024\/#primaryimage"},"thumbnailUrl":"https:\/\/mulalillo.gob.ec\/cotopaxi\/wp-content\/uploads\/2025\/07\/Invitacion-Rendicion-de-Cuentas-periodo-fiscal-2024.jpg","datePublished":"2023-12-30T23:13:42+00:00","dateModified":"2025-08-19T19:25:56+00:00","breadcrumb":{"@id":"https:\/\/mulalillo.gob.ec\/cotopaxi\/rendicion-de-cuentas-2024\/#breadcrumb"},"inLanguage":"es","potentialAction":[{"@type":"ReadAction","target":["https:\/\/mulalillo.gob.ec\/cotopaxi\/rendicion-de-cuentas-2024\/"]}]},{"@type":"ImageObject","inLanguage":"es","@id":"https:\/\/mulalillo.gob.ec\/cotopaxi\/rendicion-de-cuentas-2024\/#primaryimage","url":"https:\/\/mulalillo.gob.ec\/cotopaxi\/wp-content\/uploads\/2025\/07\/Invitacion-Rendicion-de-Cuentas-periodo-fiscal-2024.jpg","contentUrl":"https:\/\/mulalillo.gob.ec\/cotopaxi\/wp-content\/uploads\/2025\/07\/Invitacion-Rendicion-de-Cuentas-periodo-fiscal-2024.jpg","width":637,"height":900},{"@type":"BreadcrumbList","@id":"https:\/\/mulalillo.gob.ec\/cotopaxi\/rendicion-de-cuentas-2024\/#breadcrumb","itemListElement":[{"@type":"ListItem","position":1,"name":"Home","item":"https:\/\/mulalillo.gob.ec\/cotopaxi\/"},{"@type":"ListItem","position":2,"name":"Rendici\u00f3n de Cuentas 2024"}]},{"@type":"WebSite","@id":"https:\/\/mulalillo.gob.ec\/cotopaxi\/#website","url":"https:\/\/mulalillo.gob.ec\/cotopaxi\/","name":"GAD Parroquial de Mulalillo","description":"Sitio Oficial del GAD Parroquial de Mulalillo Cotopaxi","publisher":{"@id":"https:\/\/mulalillo.gob.ec\/cotopaxi\/#organization"},"potentialAction":[{"@type":"SearchAction","target":{"@type":"EntryPoint","urlTemplate":"https:\/\/mulalillo.gob.ec\/cotopaxi\/?s={search_term_string}"},"query-input":{"@type":"PropertyValueSpecification","valueRequired":true,"valueName":"search_term_string"}}],"inLanguage":"es"},{"@type":"Organization","@id":"https:\/\/mulalillo.gob.ec\/cotopaxi\/#organization","name":"GAD Parroquial de Mulalillo","url":"https:\/\/mulalillo.gob.ec\/cotopaxi\/","logo":{"@type":"ImageObject","inLanguage":"es","@id":"https:\/\/mulalillo.gob.ec\/cotopaxi\/#\/schema\/logo\/image\/","url":"https:\/\/mulalillo.gob.ec\/cotopaxi\/wp-content\/uploads\/2020\/07\/logoFooter.png","contentUrl":"https:\/\/mulalillo.gob.ec\/cotopaxi\/wp-content\/uploads\/2020\/07\/logoFooter.png","width":160,"height":156,"caption":"GAD Parroquial de Mulalillo"},"image":{"@id":"https:\/\/mulalillo.gob.ec\/cotopaxi\/#\/schema\/logo\/image\/"}}]}},"_links":{"self":[{"href":"https:\/\/mulalillo.gob.ec\/cotopaxi\/wp-json\/wp\/v2\/pages\/3682","targetHints":{"allow":["GET"]}}],"collection":[{"href":"https:\/\/mulalillo.gob.ec\/cotopaxi\/wp-json\/wp\/v2\/pages"}],"about":[{"href":"https:\/\/mulalillo.gob.ec\/cotopaxi\/wp-json\/wp\/v2\/types\/page"}],"author":[{"embeddable":true,"href":"https:\/\/mulalillo.gob.ec\/cotopaxi\/wp-json\/wp\/v2\/users\/2"}],"replies":[{"embeddable":true,"href":"https:\/\/mulalillo.gob.ec\/cotopaxi\/wp-json\/wp\/v2\/comments?post=3682"}],"version-history":[{"count":7,"href":"https:\/\/mulalillo.gob.ec\/cotopaxi\/wp-json\/wp\/v2\/pages\/3682\/revisions"}],"predecessor-version":[{"id":4280,"href":"https:\/\/mulalillo.gob.ec\/cotopaxi\/wp-json\/wp\/v2\/pages\/3682\/revisions\/4280"}],"wp:attachment":[{"href":"https:\/\/mulalillo.gob.ec\/cotopaxi\/wp-json\/wp\/v2\/media?parent=3682"}],"curies":[{"name":"wp","href":"https:\/\/api.w.org\/{rel}","templated":true}]}}